{"id":2655,"date":"2023-01-16T12:38:43","date_gmt":"2023-01-16T12:38:43","guid":{"rendered":"https:\/\/admon20212024.ezequielmontes.gob.mx\/?page_id=2655"},"modified":"2025-01-17T14:49:32","modified_gmt":"2025-01-17T14:49:32","slug":"oficialia-mayor","status":"publish","type":"page","link":"https:\/\/admon20212024.ezequielmontes.gob.mx\/index.php\/oficialia-mayor\/","title":{"rendered":"OFICIAL\u00cdA MAYOR"},"content":{"rendered":"\t\t<div data-elementor-type=\"wp-page\" data-elementor-id=\"2655\" class=\"elementor elementor-2655\">\n\t\t\t\t\t\t<section class=\"elementor-section elementor-top-section elementor-element elementor-element-53db130 elementor-section-boxed elementor-section-height-default elementor-section-height-default\" data-id=\"53db130\" data-element_type=\"section\">\n\t\t\t\t\t\t<div class=\"elementor-container elementor-column-gap-default\">\n\t\t\t\t\t<div class=\"elementor-column elementor-col-100 elementor-top-column elementor-element elementor-element-34d6952\" data-id=\"34d6952\" data-element_type=\"column\">\n\t\t\t<div class=\"elementor-widget-wrap elementor-element-populated\">\n\t\t\t\t\t\t<div class=\"elementor-element elementor-element-22039c7 elementor-widget elementor-widget-heading\" data-id=\"22039c7\" data-element_type=\"widget\" data-widget_type=\"heading.default\">\n\t\t\t\t<div class=\"elementor-widget-container\">\n\t\t\t\t\t<h2 class=\"elementor-heading-title elementor-size-default\">OFICIAL\u00cdA MAYOR<br><br><span style=\"font-size: 16px;font-weight: 400;text-align: left\">Administra los recursos humanos, materiales y t\u00e9cnicos del Municipio, realizar las adquisiciones, enajenaciones y contrataci\u00f3n de bienes y servicios de la Administraci\u00f3n P\u00fablica Municipal.<\/span><\/h2>\t\t\t\t<\/div>\n\t\t\t\t<\/div>\n\t\t\t\t\t<\/div>\n\t\t<\/div>\n\t\t\t\t\t<\/div>\n\t\t<\/section>\n\t\t\t\t<section class=\"elementor-section elementor-top-section elementor-element elementor-element-e725806 elementor-section-boxed elementor-section-height-default elementor-section-height-default\" data-id=\"e725806\" data-element_type=\"section\">\n\t\t\t\t\t\t<div class=\"elementor-container elementor-column-gap-default\">\n\t\t\t\t\t<div class=\"elementor-column elementor-col-50 elementor-top-column elementor-element elementor-element-250759e\" data-id=\"250759e\" data-element_type=\"column\">\n\t\t\t<div class=\"elementor-widget-wrap elementor-element-populated\">\n\t\t\t\t\t\t<div class=\"elementor-element elementor-element-59b5bb5 elementor-widget elementor-widget-image\" data-id=\"59b5bb5\" data-element_type=\"widget\" data-widget_type=\"image.default\">\n\t\t\t\t<div class=\"elementor-widget-container\">\n\t\t\t\t\t\t\t\t\t\t\t\t\t\t\t<img fetchpriority=\"high\" fetchpriority=\"high\" decoding=\"async\" width=\"300\" height=\"300\" src=\"https:\/\/admon20212024.ezequielmontes.gob.mx\/wp-content\/uploads\/2021\/11\/heraldicaazulcirculo-300x300.png\" class=\"attachment-medium size-medium wp-image-89\" alt=\"\" srcset=\"https:\/\/admon20212024.ezequielmontes.gob.mx\/wp-content\/uploads\/2021\/11\/heraldicaazulcirculo-300x300.png 300w, https:\/\/admon20212024.ezequielmontes.gob.mx\/wp-content\/uploads\/2021\/11\/heraldicaazulcirculo-150x150.png 150w, https:\/\/admon20212024.ezequielmontes.gob.mx\/wp-content\/uploads\/2021\/11\/heraldicaazulcirculo.png 423w\" sizes=\"(max-width: 300px) 100vw, 300px\" \/>\t\t\t\t\t\t\t\t\t\t\t\t\t\t\t<\/div>\n\t\t\t\t<\/div>\n\t\t\t\t\t<\/div>\n\t\t<\/div>\n\t\t\t\t<div class=\"elementor-column elementor-col-50 elementor-top-column elementor-element elementor-element-bfb390f\" data-id=\"bfb390f\" data-element_type=\"column\">\n\t\t\t<div class=\"elementor-widget-wrap elementor-element-populated\">\n\t\t\t\t\t\t<div class=\"elementor-element elementor-element-0d8b394 eael-infobox-icon-bg-shape-none eael-infobox-icon-hover-bg-shape-none elementor-widget elementor-widget-eael-info-box\" data-id=\"0d8b394\" data-element_type=\"widget\" data-widget_type=\"eael-info-box.default\">\n\t\t\t\t<div class=\"elementor-widget-container\">\n\t\t\t\t\t        <div class=\"eael-infobox icon-on-left\">\n\t            <div class=\"infobox-icon eael-icon-only\">\n\n            \n                            <div class=\"infobox-icon-wrap\">\n                    <i aria-hidden=\"true\" class=\"icon icon-phone-call1\"><\/i>                <\/div>\n            \n            \n        <\/div>\n            <div class=\"infobox-content eael-icon-only\">\n        <div><p><strong>441 277 00 96<\/strong><\/p><\/div>        <\/div>\n            <\/div>\n\n\t\t\t\t\t\t<\/div>\n\t\t\t\t<\/div>\n\t\t\t\t<div class=\"elementor-element elementor-element-31754a7 eael-infobox-icon-bg-shape-none eael-infobox-icon-hover-bg-shape-none elementor-widget elementor-widget-eael-info-box\" data-id=\"31754a7\" data-element_type=\"widget\" data-widget_type=\"eael-info-box.default\">\n\t\t\t\t<div class=\"elementor-widget-container\">\n\t\t\t\t\t        <div class=\"eael-infobox icon-on-left\">\n\t            <div class=\"infobox-icon eael-icon-only\">\n\n            \n                            <div class=\"infobox-icon-wrap\">\n                    <i aria-hidden=\"true\" class=\"fas fa-map-marker-alt\"><\/i>                <\/div>\n            \n            \n        <\/div>\n            <div class=\"infobox-content eael-icon-only\">\n        <div><p><strong>Belisario Dom\u00ednguez No. 104, Col. Centro Ezequiel Montes, Qro, Planta Alta<\/strong><\/p><\/div>        <\/div>\n            <\/div>\n\n\t\t\t\t\t\t<\/div>\n\t\t\t\t<\/div>\n\t\t\t\t\t<\/div>\n\t\t<\/div>\n\t\t\t\t\t<\/div>\n\t\t<\/section>\n\t\t\t\t<section class=\"elementor-section elementor-top-section elementor-element elementor-element-a91a846 elementor-section-boxed elementor-section-height-default elementor-section-height-default\" data-id=\"a91a846\" data-element_type=\"section\">\n\t\t\t\t\t\t<div class=\"elementor-container elementor-column-gap-default\">\n\t\t\t\t\t<div class=\"elementor-column elementor-col-100 elementor-top-column elementor-element elementor-element-6770315\" data-id=\"6770315\" data-element_type=\"column\">\n\t\t\t<div class=\"elementor-widget-wrap elementor-element-populated\">\n\t\t\t\t\t\t<div class=\"elementor-element elementor-element-3c3ab79 elementor-tabs-view-horizontal elementor-widget elementor-widget-tabs\" data-id=\"3c3ab79\" data-element_type=\"widget\" data-widget_type=\"tabs.default\">\n\t\t\t\t<div class=\"elementor-widget-container\">\n\t\t\t\t\t\t\t<div class=\"elementor-tabs\">\n\t\t\t<div class=\"elementor-tabs-wrapper\" role=\"tablist\" >\n\t\t\t\t\t\t\t\t\t<div id=\"elementor-tab-title-6311\" class=\"elementor-tab-title elementor-tab-desktop-title\" aria-selected=\"true\" data-tab=\"1\" role=\"tab\" tabindex=\"0\" aria-controls=\"elementor-tab-content-6311\" aria-expanded=\"false\">ACTAS<\/div>\n\t\t\t\t\t\t\t\t\t<div id=\"elementor-tab-title-6312\" class=\"elementor-tab-title elementor-tab-desktop-title\" aria-selected=\"false\" data-tab=\"2\" role=\"tab\" tabindex=\"-1\" aria-controls=\"elementor-tab-content-6312\" aria-expanded=\"false\">DICTAMEN DE PENSIONES Y JUBILACIONES<\/div>\n\t\t\t\t\t\t\t<\/div>\n\t\t\t<div class=\"elementor-tabs-content-wrapper\" role=\"tablist\" aria-orientation=\"vertical\">\n\t\t\t\t\t\t\t\t\t<div class=\"elementor-tab-title elementor-tab-mobile-title\" aria-selected=\"true\" data-tab=\"1\" role=\"tab\" tabindex=\"0\" aria-controls=\"elementor-tab-content-6311\" aria-expanded=\"false\">ACTAS<\/div>\n\t\t\t\t\t<div id=\"elementor-tab-content-6311\" class=\"elementor-tab-content elementor-clearfix\" data-tab=\"1\" role=\"tabpanel\" aria-labelledby=\"elementor-tab-title-6311\" tabindex=\"0\" hidden=\"false\"><p><span style=\"color: #3366ff;\"><a style=\"color: #3366ff;\" href=\"https:\/\/admon20212024.ezequielmontes.gob.mx\/wp-content\/uploads\/2023\/01\/Acta-de-comite-de-remuneraciones-20-de-junio-del-2022.pdf\">Acta de comit\u00e9 de remuneraciones 20 de junio del 2022<\/a><\/span><\/p><p><span style=\"color: #3366ff;\"><a style=\"color: #3366ff;\" href=\"https:\/\/admon20212024.ezequielmontes.gob.mx\/wp-content\/uploads\/2023\/01\/Acta-de-comite-de-remuneraciones-10-febrero-del-2022.pdf\">Acta de comit\u00e9 de remuneraciones 10 febrero del 2022<\/a><\/span><\/p><p><span style=\"color: #3366ff;\"><a style=\"color: #3366ff;\" href=\"https:\/\/admon20212024.ezequielmontes.gob.mx\/wp-content\/uploads\/2023\/01\/Acta-de-comite-de-remuneraciones-10-de-octubre-del-2022.pdf\">Acta de comit\u00e9 de remuneraciones 10 de octubre del 2022<\/a><\/span><\/p><p><span style=\"color: #3366ff;\"><a style=\"color: #3366ff;\" href=\"https:\/\/admon20212024.ezequielmontes.gob.mx\/wp-content\/uploads\/2023\/01\/Acta-de-comite-de-remuneraciones-06-de-mayo-del-2022.pdf\">Acta de comit\u00e9 de remuneraciones 06 de mayo del 2022<\/a><\/span><\/p><p><span style=\"color: #3366ff;\"><a style=\"color: #3366ff;\" href=\"https:\/\/admon20212024.ezequielmontes.gob.mx\/wp-content\/uploads\/2023\/01\/Acta-de-comite-de-remuneraciones-05-enero-del-2022.pdf\">Acta de comit\u00e9 de remuneraciones 05 enero del 2022<\/a><\/span><\/p><\/div>\n\t\t\t\t\t\t\t\t\t<div class=\"elementor-tab-title elementor-tab-mobile-title\" aria-selected=\"false\" data-tab=\"2\" role=\"tab\" tabindex=\"-1\" aria-controls=\"elementor-tab-content-6312\" aria-expanded=\"false\">DICTAMEN DE PENSIONES Y JUBILACIONES<\/div>\n\t\t\t\t\t<div id=\"elementor-tab-content-6312\" class=\"elementor-tab-content elementor-clearfix\" data-tab=\"2\" role=\"tabpanel\" aria-labelledby=\"elementor-tab-title-6312\" tabindex=\"0\" hidden=\"hidden\"><p><a href=\"https:\/\/admon20212024.ezequielmontes.gob.mx\/wp-content\/uploads\/2025\/01\/PROYECTO-DE-DICTAMEN-GABRIEL-PINA-CANTERA-1.pdf\">AMADO GARCIA SANCHEZ-JUBILACIO\u0301N PROYECTO DE DICTAMEN<\/a><\/p><p><a href=\"https:\/\/admon20212024.ezequielmontes.gob.mx\/wp-content\/uploads\/2023\/05\/ANDRES-GONZALEZ-GARCIA-PENSION-PROYECTO-DE-DICTAMEN-.pdf\">ANDRES GONZALEZ GARCIA-PENSIO\u0301N PROYECTO DE DICTAMEN<\/a><\/p><p><a href=\"https:\/\/admon20212024.ezequielmontes.gob.mx\/wp-content\/uploads\/2023\/05\/ANDRES-HERNANDEZ-OLVERA-JUBILACION-PROYECTO-DE-DICTAMEN.pdf\">ANDRES HERNANDEZ OLVERA-JUBILACIO\u0301N PROYECTO DE DICTAMEN<\/a><\/p><p><a href=\"https:\/\/admon20212024.ezequielmontes.gob.mx\/wp-content\/uploads\/2023\/05\/ARNULFO-HERNANDEZ-RAMIREZ-PENSION-proyecto-de-dictamen.pdf\">ARNULFO HERNANDEZ RAMIREZ -PENSION proyecto de dictamen<\/a><\/p><p><a href=\"https:\/\/admon20212024.ezequielmontes.gob.mx\/wp-content\/uploads\/2023\/05\/BARTOLOME-RESENDIZ-RAMIREZ-PENSION-PROYECTO-DE-DICTAMEN-copia.pdf\">BARTOLOME RESENDIZ RAMIREZ-PENSIO\u0301N PROYECTO DE DICTAMEN &#8211; copia<\/a><\/p><p><a href=\"https:\/\/admon20212024.ezequielmontes.gob.mx\/wp-content\/uploads\/2023\/05\/Francisco-Arteaga-Arteaga-PENSION-proyecto-de-dictamen.pdf\">Francisco Arteaga Arteaga-PENSION proyecto de dictamen<\/a><\/p><p><a href=\"https:\/\/admon20212024.ezequielmontes.gob.mx\/wp-content\/uploads\/2023\/05\/IGNACIA-CONCEPCION-ESPITIA-PENSION-PROYECTO-DE-DICTAMEN.pdf\">IGNACIA CONCEPCION ESPITIA-PENSIO\u0301N PROYECTO DE DICTAMEN<\/a><\/p><p><a href=\"https:\/\/admon20212024.ezequielmontes.gob.mx\/wp-content\/uploads\/2023\/05\/JERONIMO-MORENO-VERGARA-PENSION-PROYECTO-DE-DICTAMEN-3.pdf\">JERONIMO MORENO VERGARA-PENSIO\u0301N PROYECTO DE DICTAMEN (3)<\/a><\/p><p><a href=\"https:\/\/admon20212024.ezequielmontes.gob.mx\/wp-content\/uploads\/2023\/05\/JUAN-MARCELO-GONZALEZ-MENDOZA-PENSION-PROYECTO-DE-DICTAMEN.pdf\">JUAN MARCELO GONZALEZ MENDOZA-PENSIO\u0301N PROYECTO DE DICTAMEN<\/a><\/p><p><a href=\"https:\/\/admon20212024.ezequielmontes.gob.mx\/wp-content\/uploads\/2023\/05\/LEOPOLDO-ANGELES-MARTINEZ-PENSION-PROYECTO-DE-DICTAMEN-.pdf\">LEOPOLDO ANGELES MARTINEZ-PENSIO\u0301N PROYECTO DE DICTAMEN<\/a><\/p><p><a href=\"https:\/\/admon20212024.ezequielmontes.gob.mx\/wp-content\/uploads\/2023\/05\/Liova-Getrudis-Gonzalez-Lira-PENSION-Proyecto-de-Dictamen.pdf\">Liova Getrudis Gonzalez Lira-PENSION Proyecto de Dictamen<\/a><\/p><p><a href=\"https:\/\/admon20212024.ezequielmontes.gob.mx\/wp-content\/uploads\/2023\/05\/MARTIN-GARCIA-SANCHEZ-JUBILACION-PROYECTO-DE-DICTAMEN.pdf\">MARTI\u0301N GARCIA SANCHEZ-JUBILACIO\u0301N PROYECTO DE DICTAMEN<\/a><\/p><p><a href=\"https:\/\/admon20212024.ezequielmontes.gob.mx\/wp-content\/uploads\/2023\/05\/PEDRO-CARRANZA-RIOS-PENSION-PROYECTO-DE-DICTAMEN-3.pdf\">PEDRO CARRANZA RIOS-PENSIO\u0301N PROYECTO DE DICTAMEN (3)<\/a><\/p><p><a href=\"https:\/\/admon20212024.ezequielmontes.gob.mx\/wp-content\/uploads\/2023\/05\/RAQUEL-REYES-ARTEAGA-JUBILACION-PROYECTO-DE-DICTAMEN.pdf\">RAQUEL REYES ARTEAGA-JUBILACIO\u0301N PROYECTO DE DICTAMEN<\/a><\/p><p><a href=\"https:\/\/admon20212024.ezequielmontes.gob.mx\/wp-content\/uploads\/2023\/05\/ROGELIO-CASTILLO-BARCENAS-PENSION-PROYECTO-DE-DICTAMEN-3.pdf\">ROGELIO CASTILLO BARCENAS-PENSIO\u0301N PROYECTO DE DICTAMEN (3)<\/a><\/p><p><a href=\"https:\/\/admon20212024.ezequielmontes.gob.mx\/wp-content\/uploads\/2023\/05\/Rosa-Gonzalez-Mateo-PENSION-proyecto-de-dictamen.pdf\">Rosa Gonzalez Mateo-PENSION proyecto de dictamen<\/a><\/p><p><a href=\"https:\/\/admon20212024.ezequielmontes.gob.mx\/wp-content\/uploads\/2023\/07\/Proyecto_de_dictamen_de_Ma_Guadalupe_Ferruzca_Garcia.pdf\">Proyecto_de_dictamen_de_Ma_Guadalupe_Ferruzca_Garcia<\/a><\/p><p><a href=\"https:\/\/admon20212024.ezequielmontes.gob.mx\/wp-content\/uploads\/2023\/12\/proyectodedictamen-teresahernandezvalencia.pdf\">proyectodedictamen-teresahernandezvalencia<\/a><\/p><p><a href=\"https:\/\/admon20212024.ezequielmontes.gob.mx\/wp-content\/uploads\/2023\/12\/Proyectodedictamen-rodrigobocanegradesantiago.pdf\">Proyectodedictamen-rodrigobocanegradesantiago<\/a><\/p><p><a href=\"https:\/\/admon20212024.ezequielmontes.gob.mx\/wp-content\/uploads\/2023\/12\/proyectodedictamen-marlenferegrinomartinez.pdf\">proyectodedictamen-marlenferegrinomartinez<\/a><\/p><p><a href=\"https:\/\/admon20212024.ezequielmontes.gob.mx\/wp-content\/uploads\/2023\/12\/proyectodedictamen-mariaelenariosferruzca.pdf\">proyectodedictamen-mariaelenariosferruzca<\/a><\/p><p><a href=\"https:\/\/admon20212024.ezequielmontes.gob.mx\/wp-content\/uploads\/2023\/12\/proyectodedictamen-macelinamatiasolvera.pdf\">proyectodedictamen-macelinamatiasolvera<\/a><\/p><p><a href=\"https:\/\/admon20212024.ezequielmontes.gob.mx\/wp-content\/uploads\/2023\/12\/proyectodedictamen-julioresendizdiaz.pdf\">proyectodedictamen-julioresendizdiaz<\/a><\/p><p><a href=\"https:\/\/admon20212024.ezequielmontes.gob.mx\/wp-content\/uploads\/2023\/12\/proyectodedictamen-josemanuelarteagavega.pdf\">proyectodedictamen-josemanuelarteagavega<\/a><\/p><p><a href=\"https:\/\/admon20212024.ezequielmontes.gob.mx\/wp-content\/uploads\/2023\/12\/proyectodedictamen-jmanuelsanchezcapetillo.pdf\">proyectodedictamen-jmanuelsanchezcapetillo<\/a><\/p><p><a href=\"https:\/\/admon20212024.ezequielmontes.gob.mx\/wp-content\/uploads\/2023\/12\/proyectodedictamen-jdoloresmaquedaalvarez.pdf\">proyectodedictamen-jdoloresmaquedaalvarez<\/a><\/p><p><a href=\"https:\/\/admon20212024.ezequielmontes.gob.mx\/wp-content\/uploads\/2023\/12\/proyectodedictamen-jaimehernandezsanchez.pdf\">proyectodedictamen-jaimehernandezsanchez<\/a><\/p><p><a href=\"https:\/\/admon20212024.ezequielmontes.gob.mx\/wp-content\/uploads\/2023\/12\/proyectodedictamen-franciscomaquedamorales.pdf\">proyectodedictamen-franciscomaquedamorales<\/a><\/p><p><a href=\"https:\/\/admon20212024.ezequielmontes.gob.mx\/wp-content\/uploads\/2023\/12\/proyectodedictamen-franciscohernandezhernandez.pdf\">proyectodedictamen-franciscohernandezhernandez<\/a><\/p><p><a href=\"https:\/\/admon20212024.ezequielmontes.gob.mx\/wp-content\/uploads\/2023\/12\/proyectodedictamen-eulaliaperezvega.pdf\">proyectodedictamen-eulaliaperezvega<\/a><\/p><p><a href=\"https:\/\/admon20212024.ezequielmontes.gob.mx\/wp-content\/uploads\/2023\/12\/proyectodedictamen-clementinaruizdiaz.pdf\">proyectodedictamen-clementinaruizdiaz<\/a><\/p><p><a href=\"https:\/\/admon20212024.ezequielmontes.gob.mx\/wp-content\/uploads\/2023\/12\/proyectodedictamen-camilomartinezbarrera.pdf\">proyectodedictamen-camilomartinezbarrera<\/a><\/p><p><a href=\"https:\/\/admon20212024.ezequielmontes.gob.mx\/wp-content\/uploads\/2024\/07\/Proyecto-de-dictamamen-Andresgonzalezgarcia.pdf\">Proyecto de dictamamen Andresgonzalezgarci\u0301a\u00a0<\/a><\/p><p><a href=\"https:\/\/admon20212024.ezequielmontes.gob.mx\/wp-content\/uploads\/2024\/08\/proyectodedictamenantoniomtzserrato.pdf\">proyectodedictamenantoniomtzserrato<\/a><\/p><p><a href=\"https:\/\/admon20212024.ezequielmontes.gob.mx\/wp-content\/uploads\/2024\/08\/proyectodedictamenfernandorubio.pdf\">proyectodedictamenfernandorubio<\/a><\/p><p><a href=\"https:\/\/admon20212024.ezequielmontes.gob.mx\/wp-content\/uploads\/2024\/08\/proyectodedictamengregoriohernandez.pdf\">proyectodedictamengregoriohernandez<\/a><\/p><p><a href=\"https:\/\/admon20212024.ezequielmontes.gob.mx\/wp-content\/uploads\/2024\/08\/proyectodedictamenheribertaresendiz.pdf\">proyectodedictamenheribertaresendiz<\/a><\/p><p><a href=\"https:\/\/admon20212024.ezequielmontes.gob.mx\/wp-content\/uploads\/2024\/08\/proyectodedictamenismaeltorres.pdf\">proyectodedictamenismaeltorres<\/a><\/p><p><a href=\"https:\/\/admon20212024.ezequielmontes.gob.mx\/wp-content\/uploads\/2024\/08\/proyectodedictamenjmagdalenocarbajal.pdf\">proyectodedictamenjmagdalenocarbajal<\/a><\/p><p><a href=\"https:\/\/admon20212024.ezequielmontes.gob.mx\/wp-content\/uploads\/2024\/08\/proyectodedictamenlucilamartinez.pdf\">proyectodedictamenlucilamartinez<\/a><\/p><p><a href=\"https:\/\/admon20212024.ezequielmontes.gob.mx\/wp-content\/uploads\/2024\/08\/proyectodedictamenteresasalinas.pdf\">proyectodedictamenteresasalinas<\/a><\/p><p><a href=\"https:\/\/admon20212024.ezequielmontes.gob.mx\/wp-content\/uploads\/2024\/09\/proyectodedictamencuauhtemocmoran.pdf\">proyectodedictamencuauhtemocmoran<\/a><\/p><p><a href=\"https:\/\/admon20212024.ezequielmontes.gob.mx\/wp-content\/uploads\/2024\/09\/proyectodedictamenesperanzohernandez.pdf\">proyectodedictamenesperanzohernandez<\/a><\/p><p><a href=\"https:\/\/admon20212024.ezequielmontes.gob.mx\/wp-content\/uploads\/2024\/09\/proyectodedictamenlorenauribe.pdf\">proyectodedictamenlorenauribe<\/a><\/p><p><a href=\"https:\/\/admon20212024.ezequielmontes.gob.mx\/wp-content\/uploads\/2024\/09\/proyectodedictamenluisvargas.pdf\">proyectodedictamenluisvargas<\/a><\/p><p><a href=\"https:\/\/admon20212024.ezequielmontes.gob.mx\/wp-content\/uploads\/2024\/09\/proyectodedictamenmagdalenavega.pdf\">proyectodedictamenmagdalenavega<\/a><\/p><p><a href=\"https:\/\/admon20212024.ezequielmontes.gob.mx\/wp-content\/uploads\/2024\/09\/proyectodedictamenmiguelangeltellez.pdf\">proyectodedictamenmiguelangeltellez<\/a><\/p><p><a href=\"https:\/\/admon20212024.ezequielmontes.gob.mx\/wp-content\/uploads\/2024\/09\/proyectodedictamenricaroyanez.pdf\">proyectodedictamenricaroyan\u0303ez<\/a><\/p><p><a href=\"https:\/\/admon20212024.ezequielmontes.gob.mx\/wp-content\/uploads\/2024\/09\/proyectodedictamensilviagonzalez.pdf\">proyectodedictamensilviagonzalez<\/a><\/p><p><a href=\"https:\/\/admon20212024.ezequielmontes.gob.mx\/wp-content\/uploads\/2024\/11\/PROYECTO-DE-DICTAMEN-JOSE-FRANCISCO-HERNANDEZ-RICO.pdf\">PROYECTO DE DICTAMEN JOSE FRANCISCO HERNANDEZ RICO<\/a><\/p><p><a href=\"https:\/\/admon20212024.ezequielmontes.gob.mx\/wp-content\/uploads\/2024\/11\/PROYECTO-DE-DICTAMEN-MARISOL-RAMIREZ-HERNANDEZ.pdf\">PROYECTO DE DICTAMEN MARISOL RAMIREZ HERNANDEZ<\/a><\/p><p><span class=\"media-list-title\">PROYECTO DE DICTAMEN GABRIEL PI\u00d1A CANTERA<\/span><\/p><\/div>\n\t\t\t\t\t\t\t<\/div>\n\t\t<\/div>\n\t\t\t\t\t\t<\/div>\n\t\t\t\t<\/div>\n\t\t\t\t\t<\/div>\n\t\t<\/div>\n\t\t\t\t\t<\/div>\n\t\t<\/section>\n\t\t\t\t<\/div>\n\t\t","protected":false},"excerpt":{"rendered":"<p>OFICIAL\u00cdA MAYOR Administra los recursos humanos, materiales y t\u00e9cnicos del Municipio, realizar las adquisiciones, enajenaciones y contrataci\u00f3n de bienes y servicios de la Administraci\u00f3n P\u00fablica Municipal. 441 277 00 96 Belisario Dom\u00ednguez No. 104, Col. Centro Ezequiel Montes, Qro, Planta Alta ACTAS DICTAMEN DE PENSIONES Y JUBILACIONES ACTAS Acta de comit\u00e9 de remuneraciones 20 de [&hellip;]<\/p>\n","protected":false},"author":1,"featured_media":0,"parent":0,"menu_order":0,"comment_status":"closed","ping_status":"closed","template":"","meta":{"_et_pb_use_builder":"","_et_pb_old_content":"","_et_gb_content_width":"","om_disable_all_campaigns":false,"_monsterinsights_skip_tracking":false,"_monsterinsights_sitenote_active":false,"_monsterinsights_sitenote_note":"","_monsterinsights_sitenote_category":0,"footnotes":""},"folder":[],"class_list":["post-2655","page","type-page","status-publish","hentry"],"aioseo_notices":[],"_links":{"self":[{"href":"https:\/\/admon20212024.ezequielmontes.gob.mx\/index.php\/wp-json\/wp\/v2\/pages\/2655","targetHints":{"allow":["GET"]}}],"collection":[{"href":"https:\/\/admon20212024.ezequielmontes.gob.mx\/index.php\/wp-json\/wp\/v2\/pages"}],"about":[{"href":"https:\/\/admon20212024.ezequielmontes.gob.mx\/index.php\/wp-json\/wp\/v2\/types\/page"}],"author":[{"embeddable":true,"href":"https:\/\/admon20212024.ezequielmontes.gob.mx\/index.php\/wp-json\/wp\/v2\/users\/1"}],"replies":[{"embeddable":true,"href":"https:\/\/admon20212024.ezequielmontes.gob.mx\/index.php\/wp-json\/wp\/v2\/comments?post=2655"}],"version-history":[{"count":31,"href":"https:\/\/admon20212024.ezequielmontes.gob.mx\/index.php\/wp-json\/wp\/v2\/pages\/2655\/revisions"}],"predecessor-version":[{"id":5482,"href":"https:\/\/admon20212024.ezequielmontes.gob.mx\/index.php\/wp-json\/wp\/v2\/pages\/2655\/revisions\/5482"}],"wp:attachment":[{"href":"https:\/\/admon20212024.ezequielmontes.gob.mx\/index.php\/wp-json\/wp\/v2\/media?parent=2655"}],"wp:term":[{"taxonomy":"folder","embeddable":true,"href":"https:\/\/admon20212024.ezequielmontes.gob.mx\/index.php\/wp-json\/wp\/v2\/folder?post=2655"}],"curies":[{"name":"wp","href":"https:\/\/api.w.org\/{rel}","templated":true}]}}