{"id":911,"date":"2022-02-11T19:04:39","date_gmt":"2022-02-11T19:04:39","guid":{"rendered":"https:\/\/admon20212024.ezequielmontes.gob.mx\/?page_id=911"},"modified":"2024-04-05T02:13:57","modified_gmt":"2024-04-05T02:13:57","slug":"padron-de-contratistas","status":"publish","type":"page","link":"https:\/\/admon20212024.ezequielmontes.gob.mx\/index.php\/padron-de-contratistas\/","title":{"rendered":"\u00d3RGANO INTERNO DE CONTROL"},"content":{"rendered":"\t\t<div data-elementor-type=\"wp-page\" data-elementor-id=\"911\" class=\"elementor elementor-911\">\n\t\t\t\t\t\t<section class=\"elementor-section elementor-top-section elementor-element elementor-element-68bff66 elementor-section-boxed elementor-section-height-default elementor-section-height-default\" data-id=\"68bff66\" data-element_type=\"section\">\n\t\t\t\t\t\t<div class=\"elementor-container elementor-column-gap-default\">\n\t\t\t\t\t<div class=\"elementor-column elementor-col-100 elementor-top-column elementor-element elementor-element-25f866c\" data-id=\"25f866c\" data-element_type=\"column\">\n\t\t\t<div class=\"elementor-widget-wrap elementor-element-populated\">\n\t\t\t\t\t\t<div class=\"elementor-element elementor-element-d349a53 elementor-widget elementor-widget-heading\" data-id=\"d349a53\" data-element_type=\"widget\" data-widget_type=\"heading.default\">\n\t\t\t\t<div class=\"elementor-widget-container\">\n\t\t\t\t\t<h2 class=\"elementor-heading-title elementor-size-default\">PADR\u00d3N DE CONTRATISTAS<\/h2>\t\t\t\t<\/div>\n\t\t\t\t<\/div>\n\t\t\t\t\t<\/div>\n\t\t<\/div>\n\t\t\t\t\t<\/div>\n\t\t<\/section>\n\t\t\t\t<section class=\"elementor-section elementor-top-section elementor-element elementor-element-2c45648 elementor-section-boxed elementor-section-height-default elementor-section-height-default\" data-id=\"2c45648\" data-element_type=\"section\">\n\t\t\t\t\t\t<div class=\"elementor-container elementor-column-gap-default\">\n\t\t\t\t\t<div class=\"elementor-column elementor-col-100 elementor-top-column elementor-element elementor-element-8363722\" data-id=\"8363722\" data-element_type=\"column\" data-settings=\"{&quot;background_background&quot;:&quot;classic&quot;}\">\n\t\t\t<div class=\"elementor-widget-wrap elementor-element-populated\">\n\t\t\t\t\t\t<div class=\"elementor-element elementor-element-ade0ca0 elementor-widget elementor-widget-text-editor\" data-id=\"ade0ca0\" data-element_type=\"widget\" data-widget_type=\"text-editor.default\">\n\t\t\t\t<div class=\"elementor-widget-container\">\n\t\t\t\t\t\t\t\t\t<h2 class=\"u-align-left u-custom-font u-font-georgia u-text u-text-palette-1-light-1 u-text-6\"><strong><span style=\"color: #003366;\">1. Proceso de inscripci\u00f3n:<\/span><\/strong><\/h2><p><strong><span class=\"u-text-custom-color-4\" style=\"color: #333399;\">1.1<\/span><\/strong>\u00a0Consulta de requisitos en la p\u00e1gina<br \/><strong><span class=\"u-text-custom-color-6\" style=\"color: #333399;\">1.2<\/span><\/strong> Traer de manera impresa a la oficina de Organo Interno de Control en Planta Alta de Presidencia Municipal para su revisi\u00f3n.<br \/><strong><span class=\"u-text-custom-color-6\" style=\"color: #333399;\">1.3<\/span><\/strong>\u00a0Validaci\u00f3n de documentos.<br \/><strong><span class=\"u-text-custom-color-6\" style=\"color: #333399;\">1.4<\/span><\/strong>\u00a0Notificaci\u00f3n, en caso de que el \u00d3rgano Interno de Control lo requiera pertinente, de aclaraciones relacionadas con los documentos enviados.<br \/><strong><span class=\"u-text-custom-color-6\" style=\"color: #333399;\">1.5<\/span><\/strong>\u00a0Env\u00edo de resoluci\u00f3n y en su caso, de cita para la entrega de los formatos que exigen ser firmados de manera aut\u00f3grafa y para realizar el pago de derechos correspondiente.<br \/><strong><span class=\"u-text-custom-color-6\" style=\"color: #333399;\">1.6<\/span><\/strong>\u00a0Entrega de constancia de registro en el padr\u00f3n.<\/p>\t\t\t\t\t\t\t\t<\/div>\n\t\t\t\t<\/div>\n\t\t\t\t\t<\/div>\n\t\t<\/div>\n\t\t\t\t\t<\/div>\n\t\t<\/section>\n\t\t\t\t<section class=\"elementor-section elementor-top-section elementor-element elementor-element-e37ec4c elementor-section-boxed elementor-section-height-default elementor-section-height-default\" data-id=\"e37ec4c\" data-element_type=\"section\">\n\t\t\t\t\t\t<div class=\"elementor-container elementor-column-gap-default\">\n\t\t\t\t\t<div class=\"elementor-column elementor-col-100 elementor-top-column elementor-element elementor-element-fbf7167\" data-id=\"fbf7167\" data-element_type=\"column\">\n\t\t\t<div class=\"elementor-widget-wrap elementor-element-populated\">\n\t\t\t\t\t\t<div class=\"elementor-element elementor-element-f084733 elementor-widget elementor-widget-text-editor\" data-id=\"f084733\" data-element_type=\"widget\" data-widget_type=\"text-editor.default\">\n\t\t\t\t<div class=\"elementor-widget-container\">\n\t\t\t\t\t\t\t\t\t<h2 class=\"u-align-left u-custom-font u-font-georgia u-text u-text-palette-1-light-1 u-text-8\"><strong><span style=\"color: #003366;\">2. Requisitos de Inscripci\u00f3n:<\/span><\/strong><\/h2><p>Descargar los siguientes Formatos:<\/p><p><span style=\"color: #3366ff;\"><strong><a style=\"color: #3366ff;\" href=\"https:\/\/admon20212024.ezequielmontes.gob.mx\/wp-content\/uploads\/2022\/08\/REQUISITOS-INSCRIPCIO\u0301N-PERSONA-FISICA-Y-MORAL-2021-2024.pdf\">REQUISITOS INSCRIPCIO\u0301N PERSONA FISICA Y MORAL 2021-2024<\/a><\/strong><\/span><\/p>\t\t\t\t\t\t\t\t<\/div>\n\t\t\t\t<\/div>\n\t\t\t\t\t<\/div>\n\t\t<\/div>\n\t\t\t\t\t<\/div>\n\t\t<\/section>\n\t\t\t\t<section class=\"elementor-section elementor-top-section elementor-element elementor-element-7158532 elementor-section-boxed elementor-section-height-default elementor-section-height-default\" data-id=\"7158532\" data-element_type=\"section\">\n\t\t\t\t\t\t<div class=\"elementor-container elementor-column-gap-default\">\n\t\t\t\t\t<div class=\"elementor-column elementor-col-100 elementor-top-column elementor-element elementor-element-7663672\" data-id=\"7663672\" data-element_type=\"column\" data-settings=\"{&quot;background_background&quot;:&quot;classic&quot;}\">\n\t\t\t<div class=\"elementor-widget-wrap elementor-element-populated\">\n\t\t\t\t\t\t<div class=\"elementor-element elementor-element-fd51c16 elementor-widget elementor-widget-text-editor\" data-id=\"fd51c16\" data-element_type=\"widget\" data-widget_type=\"text-editor.default\">\n\t\t\t\t<div class=\"elementor-widget-container\">\n\t\t\t\t\t\t\t\t\t<h2 class=\"u-align-left u-custom-font u-font-georgia u-text u-text-palette-1-light-1 u-text-8\"><strong><span style=\"color: #003366;\">3. Requisitos de Renovaci\u00f3n:<\/span><\/strong><\/h2><p>Descargar los siguientes Formatos:<\/p><p><span style=\"color: #3366ff;\"><strong><a style=\"color: #3366ff;\" href=\"https:\/\/admon20212024.ezequielmontes.gob.mx\/wp-content\/uploads\/2022\/08\/REQUISITOS-RENOVACIO\u0301N-PERSONA-FISICA-Y-MORAL-2021-2024.pdf\">REQUISITOS RENOVACIO\u0301N PERSONA FISICA Y MORAL 2021-2024<\/a><\/strong><\/span><\/p>\t\t\t\t\t\t\t\t<\/div>\n\t\t\t\t<\/div>\n\t\t\t\t\t<\/div>\n\t\t<\/div>\n\t\t\t\t\t<\/div>\n\t\t<\/section>\n\t\t\t\t<section class=\"elementor-section elementor-top-section elementor-element elementor-element-6517317 elementor-section-boxed elementor-section-height-default elementor-section-height-default\" data-id=\"6517317\" data-element_type=\"section\">\n\t\t\t\t\t\t<div class=\"elementor-container elementor-column-gap-default\">\n\t\t\t\t\t<div class=\"elementor-column elementor-col-100 elementor-top-column elementor-element elementor-element-99c46c6\" data-id=\"99c46c6\" data-element_type=\"column\">\n\t\t\t<div class=\"elementor-widget-wrap elementor-element-populated\">\n\t\t\t\t\t\t<div class=\"elementor-element elementor-element-ccb0d6f elementor-widget elementor-widget-text-editor\" data-id=\"ccb0d6f\" data-element_type=\"widget\" data-widget_type=\"text-editor.default\">\n\t\t\t\t<div class=\"elementor-widget-container\">\n\t\t\t\t\t\t\t\t\t<h2 class=\"u-align-left u-custom-font u-font-georgia u-text u-text-palette-1-light-1 u-text-8\"><strong><span style=\"color: #003366;\">4. Solicitudes y Cartas<\/span><\/strong><\/h2><p>Descargar los siguientes Formatos:<\/p><p><a href=\"https:\/\/admon20212024.ezequielmontes.gob.mx\/OIC\/2024\/FORMATOS PARA INSCRIPCIO\u0301N Y RENOVACIO\u0301N CONTRATISTAS 2023.docx\" data-wplink-url-error=\"true\"><span style=\"color: #3366ff;\"><strong>FOMATO DE INSCRIPCIO\u0301N PERSONAS FI\u0301SICAS PARA CONTRATISTAS 2021-2024<\/strong><\/span><\/a><\/p><p><strong><span style=\"color: #3366ff;\"><a style=\"color: #3366ff;\" href=\"https:\/\/admon20212024.ezequielmontes.gob.mx\/OIC\/2024\/FORMATOS PARA INSCRIPCIO\u0301N Y RENOVACIO\u0301N CONTRATISTAS PERSONAS MORALES.docx\" data-wplink-url-error=\"true\">FORMATO DE INSCRIPCIO\u0301N Y RENOVACIO\u0301N PERSONAS MORALES PARA CONTRATISTAS 2021-2024<\/a><\/span><\/strong><\/p><p><span style=\"color: #3366ff;\"><strong><a style=\"color: #3366ff;\" href=\"https:\/\/admon20212024.ezequielmontes.gob.mx\/wp-content\/uploads\/2022\/08\/CARTA-MANIFIESTO-DE-DECIR-VERDAD.docx\">CARTA MANIFIESTO DE DECIR VERDAD<\/a><\/strong><\/span><\/p><p><span style=\"color: #3366ff;\"><strong><a style=\"color: #3366ff;\" href=\"https:\/\/admon20212024.ezequielmontes.gob.mx\/wp-content\/uploads\/2022\/08\/CARTA-DE-NOTIFICACIO\u0301N-DE-CORREO-ELECTRONICO.docx\">CARTA DE NOTIFICACIO\u0301N DE CORREO ELECTR\u00d3NICO<\/a><\/strong><\/span><\/p><p><span style=\"color: #3366ff;\"><strong><a style=\"color: #3366ff;\" href=\"https:\/\/admon20212024.ezequielmontes.gob.mx\/wp-content\/uploads\/2022\/08\/CARTA-DE-RESPONSABLE-TE\u0301CNICO.docx\">CARTA DE RESPONSABLE TE\u0301CNICO<\/a><\/strong><\/span><\/p>\t\t\t\t\t\t\t\t<\/div>\n\t\t\t\t<\/div>\n\t\t\t\t\t<\/div>\n\t\t<\/div>\n\t\t\t\t\t<\/div>\n\t\t<\/section>\n\t\t\t\t<section class=\"elementor-section elementor-top-section elementor-element elementor-element-aebaf85 elementor-section-boxed elementor-section-height-default elementor-section-height-default\" data-id=\"aebaf85\" data-element_type=\"section\">\n\t\t\t\t\t\t<div class=\"elementor-container elementor-column-gap-default\">\n\t\t\t\t\t<div class=\"elementor-column elementor-col-100 elementor-top-column elementor-element elementor-element-8b40f5e\" data-id=\"8b40f5e\" data-element_type=\"column\">\n\t\t\t<div class=\"elementor-widget-wrap elementor-element-populated\">\n\t\t\t\t\t\t<div class=\"elementor-element elementor-element-38b2e7a elementor-widget elementor-widget-text-editor\" data-id=\"38b2e7a\" data-element_type=\"widget\" data-widget_type=\"text-editor.default\">\n\t\t\t\t<div class=\"elementor-widget-container\">\n\t\t\t\t\t\t\t\t\t<h2 class=\"u-align-left u-custom-font u-font-georgia u-text u-text-palette-1-light-1 u-text-8\" style=\"text-align: center;\"><strong><span style=\"color: #003366;\">Aviso de Privacidad<\/span><\/strong><\/h2><p style=\"text-align: center;\">Cons\u00faltalo Aqu\u00ed:<\/p><p style=\"text-align: center;\"><span style=\"color: #3366ff;\"><strong><a style=\"color: #3366ff;\" href=\"https:\/\/admon20212024.ezequielmontes.gob.mx\/OIC\/2024\/AVISO DE PRIVACIDAD INTEGRAL.docx\" data-wplink-url-error=\"true\">DESCARGAR<\/a><\/strong><\/span><\/p>\t\t\t\t\t\t\t\t<\/div>\n\t\t\t\t<\/div>\n\t\t\t\t<div class=\"elementor-element elementor-element-85a33eb elementor-widget elementor-widget-spacer\" data-id=\"85a33eb\" data-element_type=\"widget\" data-widget_type=\"spacer.default\">\n\t\t\t\t<div class=\"elementor-widget-container\">\n\t\t\t\t\t\t\t<div class=\"elementor-spacer\">\n\t\t\t<div class=\"elementor-spacer-inner\"><\/div>\n\t\t<\/div>\n\t\t\t\t\t\t<\/div>\n\t\t\t\t<\/div>\n\t\t\t\t\t<\/div>\n\t\t<\/div>\n\t\t\t\t\t<\/div>\n\t\t<\/section>\n\t\t\t\t<section class=\"elementor-section elementor-top-section elementor-element elementor-element-623339d elementor-section-boxed elementor-section-height-default elementor-section-height-default\" data-id=\"623339d\" data-element_type=\"section\">\n\t\t\t\t\t\t<div class=\"elementor-container elementor-column-gap-default\">\n\t\t\t\t\t<div class=\"elementor-column elementor-col-100 elementor-top-column elementor-element elementor-element-07bba90\" data-id=\"07bba90\" data-element_type=\"column\">\n\t\t\t<div class=\"elementor-widget-wrap elementor-element-populated\">\n\t\t\t\t\t\t<div class=\"elementor-element elementor-element-20ccb2f elementor-widget elementor-widget-text-editor\" data-id=\"20ccb2f\" data-element_type=\"widget\" data-widget_type=\"text-editor.default\">\n\t\t\t\t<div class=\"elementor-widget-container\">\n\t\t\t\t\t\t\t\t\t<h2 class=\"u-align-left u-custom-font u-font-georgia u-text u-text-palette-1-light-1 u-text-8\" style=\"text-align: center;\"><span style=\"color: #003366;\"><b>PADR\u00d3N DE CONTRATISTAS <\/b><\/span><\/h2>\t\t\t\t\t\t\t\t<\/div>\n\t\t\t\t<\/div>\n\t\t\t\t\t<\/div>\n\t\t<\/div>\n\t\t\t\t\t<\/div>\n\t\t<\/section>\n\t\t\t\t<section class=\"elementor-section elementor-top-section elementor-element elementor-element-7103d47 elementor-section-boxed elementor-section-height-default elementor-section-height-default\" data-id=\"7103d47\" data-element_type=\"section\">\n\t\t\t\t\t\t<div class=\"elementor-container elementor-column-gap-default\">\n\t\t\t\t\t<div class=\"elementor-column elementor-col-33 elementor-top-column elementor-element elementor-element-9e3d222\" data-id=\"9e3d222\" data-element_type=\"column\">\n\t\t\t<div class=\"elementor-widget-wrap elementor-element-populated\">\n\t\t\t\t\t\t<div class=\"elementor-element elementor-element-c87e17c elementor-align-center elementor-widget elementor-widget-button\" data-id=\"c87e17c\" data-element_type=\"widget\" data-widget_type=\"button.default\">\n\t\t\t\t<div class=\"elementor-widget-container\">\n\t\t\t\t\t\t\t\t\t<div class=\"elementor-button-wrapper\">\n\t\t\t\t\t<a class=\"elementor-button elementor-button-link elementor-size-md\" href=\"https:\/\/admon20212024.ezequielmontes.gob.mx\/files\/PADRONDECONTRATISTASAL03DEMAYODE2021.pdf\">\n\t\t\t\t\t\t<span class=\"elementor-button-content-wrapper\">\n\t\t\t\t\t\t<span class=\"elementor-button-icon\">\n\t\t\t\t<i aria-hidden=\"true\" class=\"icon icon-Download\"><\/i>\t\t\t<\/span>\n\t\t\t\t\t\t\t\t\t<span class=\"elementor-button-text\">MAYO DE 2021<\/span>\n\t\t\t\t\t<\/span>\n\t\t\t\t\t<\/a>\n\t\t\t\t<\/div>\n\t\t\t\t\t\t\t\t<\/div>\n\t\t\t\t<\/div>\n\t\t\t\t<div class=\"elementor-element elementor-element-69268cf elementor-align-center elementor-widget elementor-widget-button\" data-id=\"69268cf\" data-element_type=\"widget\" data-widget_type=\"button.default\">\n\t\t\t\t<div class=\"elementor-widget-container\">\n\t\t\t\t\t\t\t\t\t<div class=\"elementor-button-wrapper\">\n\t\t\t\t\t<a class=\"elementor-button elementor-button-link elementor-size-md\" href=\"https:\/\/admon20212024.ezequielmontes.gob.mx\/files\/PADRON%20ACTUALIZADO%20AL%2031%20DE%20ENERO%202023.pdf\">\n\t\t\t\t\t\t<span class=\"elementor-button-content-wrapper\">\n\t\t\t\t\t\t<span class=\"elementor-button-icon\">\n\t\t\t\t<i aria-hidden=\"true\" class=\"icon icon-Download\"><\/i>\t\t\t<\/span>\n\t\t\t\t\t\t\t\t\t<span class=\"elementor-button-text\">ENERO 2023<\/span>\n\t\t\t\t\t<\/span>\n\t\t\t\t\t<\/a>\n\t\t\t\t<\/div>\n\t\t\t\t\t\t\t\t<\/div>\n\t\t\t\t<\/div>\n\t\t\t\t\t<\/div>\n\t\t<\/div>\n\t\t\t\t<div class=\"elementor-column elementor-col-33 elementor-top-column elementor-element elementor-element-aea0d08\" data-id=\"aea0d08\" data-element_type=\"column\">\n\t\t\t<div class=\"elementor-widget-wrap elementor-element-populated\">\n\t\t\t\t\t\t<div class=\"elementor-element elementor-element-cb3301b elementor-align-center elementor-widget elementor-widget-button\" data-id=\"cb3301b\" data-element_type=\"widget\" data-widget_type=\"button.default\">\n\t\t\t\t<div class=\"elementor-widget-container\">\n\t\t\t\t\t\t\t\t\t<div class=\"elementor-button-wrapper\">\n\t\t\t\t\t<a class=\"elementor-button elementor-button-link elementor-size-md\" href=\"https:\/\/admon20212024.ezequielmontes.gob.mx\/files\/PADRONCONTRATISTAS06-OCT-2021.pdf\">\n\t\t\t\t\t\t<span class=\"elementor-button-content-wrapper\">\n\t\t\t\t\t\t<span class=\"elementor-button-icon\">\n\t\t\t\t<i aria-hidden=\"true\" class=\"icon icon-Download\"><\/i>\t\t\t<\/span>\n\t\t\t\t\t\t\t\t\t<span class=\"elementor-button-text\">OCTUBRE DE 2021<\/span>\n\t\t\t\t\t<\/span>\n\t\t\t\t\t<\/a>\n\t\t\t\t<\/div>\n\t\t\t\t\t\t\t\t<\/div>\n\t\t\t\t<\/div>\n\t\t\t\t<div class=\"elementor-element elementor-element-91f24a4 elementor-align-center elementor-widget elementor-widget-button\" data-id=\"91f24a4\" data-element_type=\"widget\" data-widget_type=\"button.default\">\n\t\t\t\t<div class=\"elementor-widget-container\">\n\t\t\t\t\t\t\t\t\t<div class=\"elementor-button-wrapper\">\n\t\t\t\t\t<a class=\"elementor-button elementor-button-link elementor-size-md\" href=\"https:\/\/admon20212024.ezequielmontes.gob.mx\/files\/PUBLICACION%20PADRON%20ACTUALIZADO%20AL%2031%20DE%20ENERO%20DE%202024.pdf\">\n\t\t\t\t\t\t<span class=\"elementor-button-content-wrapper\">\n\t\t\t\t\t\t<span class=\"elementor-button-icon\">\n\t\t\t\t<i aria-hidden=\"true\" class=\"icon icon-Download\"><\/i>\t\t\t<\/span>\n\t\t\t\t\t\t\t\t\t<span class=\"elementor-button-text\">ENERO 2024<\/span>\n\t\t\t\t\t<\/span>\n\t\t\t\t\t<\/a>\n\t\t\t\t<\/div>\n\t\t\t\t\t\t\t\t<\/div>\n\t\t\t\t<\/div>\n\t\t\t\t\t<\/div>\n\t\t<\/div>\n\t\t\t\t<div class=\"elementor-column elementor-col-33 elementor-top-column elementor-element elementor-element-d98749d\" data-id=\"d98749d\" data-element_type=\"column\">\n\t\t\t<div class=\"elementor-widget-wrap elementor-element-populated\">\n\t\t\t\t\t\t<div class=\"elementor-element elementor-element-04afcb4 elementor-align-center elementor-widget elementor-widget-button\" data-id=\"04afcb4\" data-element_type=\"widget\" data-widget_type=\"button.default\">\n\t\t\t\t<div class=\"elementor-widget-container\">\n\t\t\t\t\t\t\t\t\t<div class=\"elementor-button-wrapper\">\n\t\t\t\t\t<a class=\"elementor-button elementor-button-link elementor-size-md\" href=\"https:\/\/admon20212024.ezequielmontes.gob.mx\/files\/PADRON16DICIEMBRE2022.pdf\">\n\t\t\t\t\t\t<span class=\"elementor-button-content-wrapper\">\n\t\t\t\t\t\t<span class=\"elementor-button-icon\">\n\t\t\t\t<i aria-hidden=\"true\" class=\"icon icon-Download\"><\/i>\t\t\t<\/span>\n\t\t\t\t\t\t\t\t\t<span class=\"elementor-button-text\">DICIEMBRE DE 2022<\/span>\n\t\t\t\t\t<\/span>\n\t\t\t\t\t<\/a>\n\t\t\t\t<\/div>\n\t\t\t\t\t\t\t\t<\/div>\n\t\t\t\t<\/div>\n\t\t\t\t<div class=\"elementor-element elementor-element-c30df99 elementor-align-center elementor-widget elementor-widget-button\" data-id=\"c30df99\" data-element_type=\"widget\" data-widget_type=\"button.default\">\n\t\t\t\t<div class=\"elementor-widget-container\">\n\t\t\t\t\t\t\t\t\t<div class=\"elementor-button-wrapper\">\n\t\t\t\t\t<a class=\"elementor-button elementor-button-link elementor-size-md\" href=\"https:\/\/admon20212024.ezequielmontes.gob.mx\/files\/PUBLICACION%20PADRON%20ACTUALIZADO%20AL%2004%20DE%20MARZO%20DE%202024.pdf\">\n\t\t\t\t\t\t<span class=\"elementor-button-content-wrapper\">\n\t\t\t\t\t\t<span class=\"elementor-button-icon\">\n\t\t\t\t<i aria-hidden=\"true\" class=\"icon icon-Download\"><\/i>\t\t\t<\/span>\n\t\t\t\t\t\t\t\t\t<span class=\"elementor-button-text\">MARZO 2024<\/span>\n\t\t\t\t\t<\/span>\n\t\t\t\t\t<\/a>\n\t\t\t\t<\/div>\n\t\t\t\t\t\t\t\t<\/div>\n\t\t\t\t<\/div>\n\t\t\t\t\t<\/div>\n\t\t<\/div>\n\t\t\t\t\t<\/div>\n\t\t<\/section>\n\t\t\t\t<\/div>\n\t\t","protected":false},"excerpt":{"rendered":"<p>PADR\u00d3N DE CONTRATISTAS 1. Proceso de inscripci\u00f3n: 1.1\u00a0Consulta de requisitos en la p\u00e1gina1.2 Traer de manera impresa a la oficina de Organo Interno de Control en Planta Alta de Presidencia Municipal para su revisi\u00f3n.1.3\u00a0Validaci\u00f3n de documentos.1.4\u00a0Notificaci\u00f3n, en caso de que el \u00d3rgano Interno de Control lo requiera pertinente, de aclaraciones relacionadas con los documentos enviados.1.5\u00a0Env\u00edo [&hellip;]<\/p>\n","protected":false},"author":1,"featured_media":0,"parent":0,"menu_order":0,"comment_status":"closed","ping_status":"closed","template":"","meta":{"_et_pb_use_builder":"","_et_pb_old_content":"","_et_gb_content_width":"","om_disable_all_campaigns":false,"_monsterinsights_skip_tracking":false,"_monsterinsights_sitenote_active":false,"_monsterinsights_sitenote_note":"","_monsterinsights_sitenote_category":0,"footnotes":""},"folder":[],"class_list":["post-911","page","type-page","status-publish","hentry"],"aioseo_notices":[],"_links":{"self":[{"href":"https:\/\/admon20212024.ezequielmontes.gob.mx\/index.php\/wp-json\/wp\/v2\/pages\/911","targetHints":{"allow":["GET"]}}],"collection":[{"href":"https:\/\/admon20212024.ezequielmontes.gob.mx\/index.php\/wp-json\/wp\/v2\/pages"}],"about":[{"href":"https:\/\/admon20212024.ezequielmontes.gob.mx\/index.php\/wp-json\/wp\/v2\/types\/page"}],"author":[{"embeddable":true,"href":"https:\/\/admon20212024.ezequielmontes.gob.mx\/index.php\/wp-json\/wp\/v2\/users\/1"}],"replies":[{"embeddable":true,"href":"https:\/\/admon20212024.ezequielmontes.gob.mx\/index.php\/wp-json\/wp\/v2\/comments?post=911"}],"version-history":[{"count":47,"href":"https:\/\/admon20212024.ezequielmontes.gob.mx\/index.php\/wp-json\/wp\/v2\/pages\/911\/revisions"}],"predecessor-version":[{"id":4224,"href":"https:\/\/admon20212024.ezequielmontes.gob.mx\/index.php\/wp-json\/wp\/v2\/pages\/911\/revisions\/4224"}],"wp:attachment":[{"href":"https:\/\/admon20212024.ezequielmontes.gob.mx\/index.php\/wp-json\/wp\/v2\/media?parent=911"}],"wp:term":[{"taxonomy":"folder","embeddable":true,"href":"https:\/\/admon20212024.ezequielmontes.gob.mx\/index.php\/wp-json\/wp\/v2\/folder?post=911"}],"curies":[{"name":"wp","href":"https:\/\/api.w.org\/{rel}","templated":true}]}}